{"id":4,"date":"2020-06-18T11:38:31","date_gmt":"2020-06-18T11:38:31","guid":{"rendered":"http:\/\/braafenzo.nl\/?page_id=4"},"modified":"2024-02-08T15:21:52","modified_gmt":"2024-02-08T15:21:52","slug":"home","status":"publish","type":"page","link":"http:\/\/dogs-enzo.nl\/","title":{"rendered":"DOGS enzo!"},"content":{"rendered":"\n<p><strong>Welkom!<\/strong><\/p>\n\n\n\n<p><em>&#8220;Een trouwe vriend waarbij \u00e9\u00e9n woord of \u00e9\u00e9n blik al genoeg is om elkaar te begrijpen. Ook buiten! Wie wil dat nou niet!&#8221;<\/em><\/p>\n\n\n\n<p>Ik ben Arianne van Beelen van Dogs enzo en biedt prive gehoorzaamheidstrainingen, gedragstrainingen en leuke activiteiten (braintraining) voor jou en je hond.<\/p>\n\n\n\n<p>Daarnaast heb ik een small pack <strong>hondenuitlaatservice<\/strong>, exclusief voor Noordwijkse honden. Dus geen lange ritten in de auto, maar vooral tijd voor een flinke wandeling in duin, op strand en in het bos. Altijd met dezelfde honden, waardoor de honden weten wat ze aan elkaar hebben en er geen spanningen ontstaan.<\/p>\n\n\n\n<p><strong>Gehoorzaamheidstraining<\/strong> van pups tot volwassen honden van alle rassen, gespecialiseerd in werkrassen en actieve honden. <\/p>\n\n\n\n<p>Of je nu een brak hebt met een overmatig jachtinstinct, of een border collie die zelf zijn (ongewenste) activiteiten bedenkt, of een hond die binnen de liefste is maar je buiten niet meer ziet staan. Of als je dit alles wil voorkomen, dan help ik je graag verder.<\/p>\n\n\n\n<p>Het motto van <strong>DOGS enzo<\/strong> is maatwerk waarbij de intrinsieke waarde van de hond voorop staat en waar aandacht is voor het tempo van de hondeneigenaren. Ik geef je veel informatie over hondengedrag en door het \u00e9\u00e9n op \u00e9\u00e9n werken, leren jij en je hond sneller dan in een groep.<\/p>\n\n\n\n<p>Gehoorzaamheid en karakterontwikkeling \u2013 oog voor ras-eigenschappen en ontwikkelingsfasen \u2013 aandacht voor de baasjes \u2013 uitdaging en spel, voor een goede band en een gehoorzame hond. Allemaal in \u00e9\u00e9n les!<\/p>\n\n\n\n<p>In het menu vind u de links naar pagina\u2019s met de specifieke diensten. Mocht u vragen hebben, dan kunt u op de pagina Contact mijn contactgegevens vinden.<\/p>\n","protected":false},"excerpt":{"rendered":"<p>Welkom! &#8220;Een trouwe vriend waarbij \u00e9\u00e9n woord of \u00e9\u00e9n blik al genoeg is om elkaar te begrijpen. Ook buiten! Wie wil dat nou niet!&#8221; Ik ben Arianne van Beelen van Dogs enzo en biedt prive gehoorzaamheidstrainingen, gedragstrainingen en leuke activiteiten (braintraining) voor jou en je hond. Daarnaast heb ik een small pack hondenuitlaatservice, exclusief voor [&hellip;]<\/p>\n","protected":false},"author":1,"featured_media":71,"parent":0,"menu_order":0,"comment_status":"closed","ping_status":"closed","template":"templates\/template-cover.php","meta":{"footnotes":""},"_links":{"self":[{"href":"http:\/\/dogs-enzo.nl\/index.php?rest_route=\/wp\/v2\/pages\/4"}],"collection":[{"href":"http:\/\/dogs-enzo.nl\/index.php?rest_route=\/wp\/v2\/pages"}],"about":[{"href":"http:\/\/dogs-enzo.nl\/index.php?rest_route=\/wp\/v2\/types\/page"}],"author":[{"embeddable":true,"href":"http:\/\/dogs-enzo.nl\/index.php?rest_route=\/wp\/v2\/users\/1"}],"replies":[{"embeddable":true,"href":"http:\/\/dogs-enzo.nl\/index.php?rest_route=%2Fwp%2Fv2%2Fcomments&post=4"}],"version-history":[{"count":13,"href":"http:\/\/dogs-enzo.nl\/index.php?rest_route=\/wp\/v2\/pages\/4\/revisions"}],"predecessor-version":[{"id":144,"href":"http:\/\/dogs-enzo.nl\/index.php?rest_route=\/wp\/v2\/pages\/4\/revisions\/144"}],"wp:featuredmedia":[{"embeddable":true,"href":"http:\/\/dogs-enzo.nl\/index.php?rest_route=\/wp\/v2\/media\/71"}],"wp:attachment":[{"href":"http:\/\/dogs-enzo.nl\/index.php?rest_route=%2Fwp%2Fv2%2Fmedia&parent=4"}],"curies":[{"name":"wp","href":"https:\/\/api.w.org\/{rel}","templated":true}]}}